{"id":27,"date":"2022-08-23T02:36:28","date_gmt":"2022-08-23T02:36:28","guid":{"rendered":"https:\/\/www.offcourse.cl\/?post_type=product&#038;p=27"},"modified":"2022-08-23T02:41:25","modified_gmt":"2022-08-23T02:41:25","slug":"blade-blade-2-blade-trinity-bd3fe-blu-ray","status":"publish","type":"product","link":"https:\/\/www.offcourse.cl\/?product=blade-blade-2-blade-trinity-bd3fe-blu-ray","title":{"rendered":"Blade \/ Blade 2 \/ Blade: Trinity (BD)(3FE) [Blu-ray]"},"content":{"rendered":"<p>BLADE: Wesley Snipes interpreta al alma torturada Blade, que es mitad hombre, mitad inmortal.\u00a0Blade agudiza sus habilidades letales bajo el FBI, se ve obligado a salir a la luz del d\u00eda, donde une fuerzas con un clan de cazadores de vampiros humanos, los Nightstalkers.\u00a0Junto con dos Nightstalkers h\u00e1bilmente entrenados, Blade sigue un rastro de sangre hasta el vampiro original: Dr\u00e1cula.\u00a0gu\u00eda de Whistler, su mentor, guardi\u00e1n y compa\u00f1ero cazador de la noche.\u00a0Cuando el sanguinario se\u00f1or de los Inmortales, Deacon Frost, declara la guerra a la raza humana, Blade es la \u00faltima esperanza de supervivencia de la humanidad.<\/p>\n<p>BLADE II &#8211; Guillermo del Toro dirige esta aventura de alto voltaje del guionista David S. Goyer.\u00a0Cuando el mundo se ve amenazado por una nueva y letal raza de supervampiros,\u00a0Blade y Whistler unen fuerzas con un equipo de \u00e9lite de guerreros vampiros formado por los enemigos jurados de Blade para detener la carnicer\u00eda y destruir a los voraces demonios.<\/p>\n<p>BLADE: TRINITY &#8211; Durante a\u00f1os, Blade ha luchado contra los vampiros al amparo de la noche.<\/p>\n","protected":false},"excerpt":{"rendered":"<p>BLADE: Wesley Snipes interpreta al alma torturada Blade, que es mitad hombre, mitad inmortal.\u00a0Blade agudiza sus habilidades letales bajo el FBI, se ve obligado a salir a la luz del d\u00eda, donde une fuerzas con un clan de cazadores de vampiros humanos, los Nightstalkers.\u00a0Junto con dos Nightstalkers h\u00e1bilmente entrenados, Blade sigue un rastro de sangre [&hellip;]<\/p>\n","protected":false},"featured_media":28,"comment_status":"open","ping_status":"closed","template":"","meta":[],"product_brand":[],"product_cat":[15],"product_tag":[],"class_list":{"0":"post-27","1":"product","2":"type-product","3":"status-publish","4":"has-post-thumbnail","6":"product_cat-bluray","8":"first","9":"instock","10":"sale","11":"shipping-taxable","12":"purchasable","13":"product-type-simple"},"_links":{"self":[{"href":"https:\/\/www.offcourse.cl\/index.php?rest_route=\/wp\/v2\/product\/27","targetHints":{"allow":["GET"]}}],"collection":[{"href":"https:\/\/www.offcourse.cl\/index.php?rest_route=\/wp\/v2\/product"}],"about":[{"href":"https:\/\/www.offcourse.cl\/index.php?rest_route=\/wp\/v2\/types\/product"}],"replies":[{"embeddable":true,"href":"https:\/\/www.offcourse.cl\/index.php?rest_route=%2Fwp%2Fv2%2Fcomments&post=27"}],"wp:featuredmedia":[{"embeddable":true,"href":"https:\/\/www.offcourse.cl\/index.php?rest_route=\/wp\/v2\/media\/28"}],"wp:attachment":[{"href":"https:\/\/www.offcourse.cl\/index.php?rest_route=%2Fwp%2Fv2%2Fmedia&parent=27"}],"wp:term":[{"taxonomy":"product_brand","embeddable":true,"href":"https:\/\/www.offcourse.cl\/index.php?rest_route=%2Fwp%2Fv2%2Fproduct_brand&post=27"},{"taxonomy":"product_cat","embeddable":true,"href":"https:\/\/www.offcourse.cl\/index.php?rest_route=%2Fwp%2Fv2%2Fproduct_cat&post=27"},{"taxonomy":"product_tag","embeddable":true,"href":"https:\/\/www.offcourse.cl\/index.php?rest_route=%2Fwp%2Fv2%2Fproduct_tag&post=27"}],"curies":[{"name":"wp","href":"https:\/\/api.w.org\/{rel}","templated":true}]}}