{"id":29,"date":"2022-08-23T02:38:39","date_gmt":"2022-08-23T02:38:39","guid":{"rendered":"https:\/\/www.offcourse.cl\/?post_type=product&#038;p=29"},"modified":"2026-03-07T07:02:31","modified_gmt":"2026-03-07T07:02:31","slug":"true-detective-season-1-digital-copy-bluray","status":"publish","type":"product","link":"https:\/\/www.offcourse.cl\/?product=true-detective-season-1-digital-copy-bluray","title":{"rendered":"True Detective: Season 1 (Digital Copy + Bluray)"},"content":{"rendered":"<p>HBO estrena una nueva serie dram\u00e1tica,\u00a0<span class=\"a-text-italic\">True Detective\u00a0<\/span>, esta temporada centrada en Martin Hart (Woody Harrelson) y \u00abRust\u00bb Cohle (Matthew McConaughey), dos detectives y ex socios que trabajaron en la Divisi\u00f3n de Investigaci\u00f3n Criminal de Luisiana a mediados de la d\u00e9cada de 1990.<\/p>\n<p>En 2012, por razones que no se revelaron de inmediato, los dos son entrevistados por separado por investigadores sobre su caso m\u00e1s notorio: el macabro asesinato de una prostituta en 1995 por un posible asesino en serie con inquietantes inclinaciones ocultas.\u00a0Al repasar el caso, las historias personales de Hart y Cohle y su relaci\u00f3n, a menudo tensa, se convierten en un punto central importante.<\/p>\n<p>Hart, un nativo de Luisiana extrovertido y hombre de familia cuyo matrimonio est\u00e1 siendo deshilachado por el estr\u00e9s laboral y la infidelidad, es (al menos en la superficie) el polo opuesto de Cohle, un pesimista lobo solitario y ex detective de narc\u00f3ticos de Texas.\u00a0Si bien la trama avanza por su obsesi\u00f3n compartida por cazar al asesino ritual, el verdadero drama se centra en la naturaleza voluble de la relaci\u00f3n y personalidades de Hart y Cohle, y c\u00f3mo se afectan mutuamente como detectives, amigos y hombres.<\/p>\n","protected":false},"excerpt":{"rendered":"<p>HBO estrena una nueva serie dram\u00e1tica,\u00a0True Detective\u00a0, esta temporada centrada en Martin Hart (Woody Harrelson) y \u00abRust\u00bb Cohle (Matthew McConaughey), dos detectives y ex socios que trabajaron en la Divisi\u00f3n de Investigaci\u00f3n Criminal de Luisiana a mediados de la d\u00e9cada de 1990. En 2012, por razones que no se revelaron de inmediato, los dos son [&hellip;]<\/p>\n","protected":false},"featured_media":30,"comment_status":"open","ping_status":"closed","template":"","meta":[],"product_brand":[],"product_cat":[15],"product_tag":[],"class_list":{"0":"post-29","1":"product","2":"type-product","3":"status-publish","4":"has-post-thumbnail","6":"product_cat-bluray","8":"first","9":"instock","10":"sale","11":"shipping-taxable","12":"purchasable","13":"product-type-simple"},"_links":{"self":[{"href":"https:\/\/www.offcourse.cl\/index.php?rest_route=\/wp\/v2\/product\/29","targetHints":{"allow":["GET"]}}],"collection":[{"href":"https:\/\/www.offcourse.cl\/index.php?rest_route=\/wp\/v2\/product"}],"about":[{"href":"https:\/\/www.offcourse.cl\/index.php?rest_route=\/wp\/v2\/types\/product"}],"replies":[{"embeddable":true,"href":"https:\/\/www.offcourse.cl\/index.php?rest_route=%2Fwp%2Fv2%2Fcomments&post=29"}],"wp:featuredmedia":[{"embeddable":true,"href":"https:\/\/www.offcourse.cl\/index.php?rest_route=\/wp\/v2\/media\/30"}],"wp:attachment":[{"href":"https:\/\/www.offcourse.cl\/index.php?rest_route=%2Fwp%2Fv2%2Fmedia&parent=29"}],"wp:term":[{"taxonomy":"product_brand","embeddable":true,"href":"https:\/\/www.offcourse.cl\/index.php?rest_route=%2Fwp%2Fv2%2Fproduct_brand&post=29"},{"taxonomy":"product_cat","embeddable":true,"href":"https:\/\/www.offcourse.cl\/index.php?rest_route=%2Fwp%2Fv2%2Fproduct_cat&post=29"},{"taxonomy":"product_tag","embeddable":true,"href":"https:\/\/www.offcourse.cl\/index.php?rest_route=%2Fwp%2Fv2%2Fproduct_tag&post=29"}],"curies":[{"name":"wp","href":"https:\/\/api.w.org\/{rel}","templated":true}]}}